{"id":1074,"date":"2022-02-04T10:23:36","date_gmt":"2022-02-04T10:23:36","guid":{"rendered":"https:\/\/madalenamarquescom.local\/?page_id=1074"},"modified":"2024-03-14T21:04:26","modified_gmt":"2024-03-14T21:04:26","slug":"sobre-mim","status":"publish","type":"page","link":"https:\/\/madalenamarques.com\/fr\/sobre-mim\/","title":{"rendered":"Sobre mim"},"content":{"rendered":"<div data-elementor-type=\"wp-page\" data-elementor-id=\"1074\" class=\"elementor elementor-1074\">\n\t\t\t\t\t\t<section class=\"elementor-section elementor-top-section elementor-element elementor-element-b099d8e elementor-section-boxed elementor-section-height-default elementor-section-height-default\" data-id=\"b099d8e\" data-element_type=\"section\" data-e-type=\"section\">\n\t\t\t\t\t\t<div class=\"elementor-container elementor-column-gap-default\">\n\t\t\t\t\t<div class=\"elementor-column elementor-col-100 elementor-top-column elementor-element elementor-element-d69aa37\" data-id=\"d69aa37\" data-element_type=\"column\" data-e-type=\"column\">\n\t\t\t<div class=\"elementor-widget-wrap elementor-element-populated\">\n\t\t\t\t\t\t<section class=\"elementor-section elementor-inner-section elementor-element elementor-element-b2252ea elementor-section-boxed elementor-section-height-default elementor-section-height-default\" data-id=\"b2252ea\" data-element_type=\"section\" data-e-type=\"section\">\n\t\t\t\t\t\t<div class=\"elementor-container elementor-column-gap-default\">\n\t\t\t\t\t<div class=\"elementor-column elementor-col-33 elementor-inner-column elementor-element elementor-element-984dbec\" data-id=\"984dbec\" data-element_type=\"column\" data-e-type=\"column\">\n\t\t\t<div class=\"elementor-widget-wrap elementor-element-populated\">\n\t\t\t\t\t\t<div class=\"elementor-element elementor-element-e8cd634 elementor-widget elementor-widget-image\" data-id=\"e8cd634\" data-element_type=\"widget\" data-e-type=\"widget\" data-widget_type=\"image.default\">\n\t\t\t\t<div class=\"elementor-widget-container\">\n\t\t\t\t\t\t\t\t\t\t\t\t\t\t\t<img decoding=\"async\" src=\"https:\/\/madalenamarques.com\/wp-content\/uploads\/2023\/03\/202206-MadalenaporAlineMacedo-1-scaled-e1679149237699.jpg\" title=\"202206-MadalenaporAlineMacedo-1\" alt=\"202206-MadalenaporAlineMacedo-1\" loading=\"lazy\" \/>\t\t\t\t\t\t\t\t\t\t\t\t\t\t\t<\/div>\n\t\t\t\t<\/div>\n\t\t\t\t\t<\/div>\n\t\t<\/div>\n\t\t\t\t<div class=\"elementor-column elementor-col-66 elementor-inner-column elementor-element elementor-element-121d9d6\" data-id=\"121d9d6\" data-element_type=\"column\" data-e-type=\"column\">\n\t\t\t<div class=\"elementor-widget-wrap elementor-element-populated\">\n\t\t\t\t\t\t<div class=\"elementor-element elementor-element-0769308 elementor-widget elementor-widget-text-editor\" data-id=\"0769308\" data-element_type=\"widget\" data-e-type=\"widget\" data-widget_type=\"text-editor.default\">\n\t\t\t\t<div class=\"elementor-widget-container\">\n\t\t\t\t\t\t\t\t\t<h5>\u00a0<\/h5><h5>Maria Terra era para ter sido o meu nome, mas vim a chamar-me Madalena, como a minha bisav\u00f3.<\/h5><h5>Com origem numa fam\u00edlia madeirense, cresci a ver \u00e1lbuns de fotografias de jardins, casas de fam\u00edlia e bonitos piqueniques. Em pequena, nas visitas \u00e0 Ilha com a minha av\u00f3, era como se as fotografias ganhassem vida.<\/h5><h5>Tenho um particular gosto por recuperar hist\u00f3rias reais. Talvez por isso, me dedique \u00e0 cria\u00e7\u00e3o de espet\u00e1culos de natureza documental, para a inf\u00e2ncia.<\/h5><div>\u00a0<\/div><p>Da minha autoria dou principal destaque a <a href=\"https:\/\/madalenamarques.com\/fr\/teatro-documental\/sapatos-do-sr-luiz\/\"><i>Os Sapatos do Sr. Luiz<\/i><\/a>, que conta hist\u00f3rias de pessoas que passaram pelo S\u00e3o Luiz Teatro Municipal desde a sua cria\u00e7\u00e3o em 1894; <a href=\"https:\/\/madalenamarques.com\/fr\/teatro-documental\/o-homem-das-mil-moradas\/\"><i>O Homem das Mil Moradas<\/i><\/a>, que convida a uma viagem pela vida singular do colecionador Calouste Gulbenkian; e o <a href=\"https:\/\/madalenamarques.com\/fr\/teatro-documental\/apanha-chuva\/\"><i>Apanha Chuva<\/i><\/a>, uma aventura em busca da origem do objecto que nos protege no Inverno (o primeiro espet\u00e1culo de minha autoria). O <em><a href=\"https:\/\/madalenamarques.com\/fr\/teatro-documental\/impossivel\/\">Imposs\u00edvel<\/a><\/em>, no qual sou respons\u00e1vel pela dramaturgia e interpreta\u00e7\u00e3o, foca-se na tarefa de explicar o Big Bang em apenas 30 minutos.<\/p>\t\t\t\t\t\t\t\t<\/div>\n\t\t\t\t<\/div>\n\t\t\t\t<div class=\"elementor-element elementor-element-4e93b25 elementor-widget elementor-widget-toggle\" data-id=\"4e93b25\" data-element_type=\"widget\" data-e-type=\"widget\" data-widget_type=\"toggle.default\">\n\t\t\t\t<div class=\"elementor-widget-container\">\n\t\t\t\t\t\t\t<div class=\"elementor-toggle\">\n\t\t\t\t\t\t\t<div class=\"elementor-toggle-item\">\n\t\t\t\t\t<div id=\"elementor-tab-title-8231\" class=\"elementor-tab-title\" data-tab=\"1\" role=\"button\" aria-controls=\"elementor-tab-content-8231\" aria-expanded=\"false\">\n\t\t\t\t\t\t\t\t\t\t\t\t<span class=\"elementor-toggle-icon elementor-toggle-icon-left\" aria-hidden=\"true\">\n\t\t\t\t\t\t\t\t\t\t\t\t\t\t\t<span class=\"elementor-toggle-icon-closed\"><i class=\"fas fa-caret-right\"><\/i><\/span>\n\t\t\t\t\t\t\t\t<span class=\"elementor-toggle-icon-opened\"><i class=\"elementor-toggle-icon-opened fas fa-caret-up\"><\/i><\/span>\n\t\t\t\t\t\t\t\t\t\t\t\t\t<\/span>\n\t\t\t\t\t\t\t\t\t\t\t\t<a class=\"elementor-toggle-title\" tabindex=\"0\">Projectos<\/a>\n\t\t\t\t\t<\/div>\n\n\t\t\t\t\t<div id=\"elementor-tab-content-8231\" class=\"elementor-tab-content elementor-clearfix\" data-tab=\"1\" role=\"region\" aria-labelledby=\"elementor-tab-title-8231\"><p>2022 &#8211; 2023 Obtive a bolsa de forma\u00e7\u00e3o em artes no estrangeiro, da Funda\u00e7\u00e3o Calouste Gulbenkian, no \u00e2mbito do Mestrado<i> Arts de la sc\u00e8ne et du spectacle vivant,<\/i> da Universit\u00e9 Rennes 2, em Fran\u00e7a. Encontro-me a escrever a disserta\u00e7\u00e3o, sobre a minha linguagem h\u00edbrida entre media\u00e7\u00e3o e cria\u00e7\u00e3o art\u00edstica.<br><\/p>\n<p>2021 co-constru\u00ed o <a href=\"https:\/\/becabe.ca\" target=\"_blank\" rel=\"noopener\"><i>BecaBeca<\/i><\/a> \u2014 uma plataforma de conte\u00fados digitais, livres, selecionados a dedo para a inf\u00e2ncia.<\/p>\n<p>2019 Co-criei <i>O Homem das mil moradas<\/i>, que estreou dentro do Museu Gulbenkian.<\/p>\n<p>2016-2021 Estreei, como criadora e atriz, a visita-espet\u00e1culo <i>Os Sapatos do Sr. Luiz<\/i>, com carreira de 5 anos no S\u00e3o Luiz Teatro Municipal, para escolas e fam\u00edlias, tendo realizado cerca de 200 apresenta\u00e7\u00f5es.<\/p>\n<p>2018 Estreei o espect\u00e1culo <i>Imposs\u00edvel<\/i>, de Catarina Sobral, com Kent Queener no Teatro Maria Matos.<\/p>\n<p>2014-2018 Colaborei com o Servi\u00e7o Educativo da Gulbenkian (CAM, Museu e Descobrir) na concep\u00e7\u00e3o e implementa\u00e7\u00e3o de visitas-jogo, oficinas e hist\u00f3rias a partir de diferentes exposi\u00e7\u00f5es, sempre para o J.I., 1\u00baCiclo e fam\u00edlias.<\/p>\n<p>2016 Co-fundei a Casa Invis\u00edvel, produtora de grande parte dos meus projectos.<\/p>\n<p>2014 Viajei at\u00e9 ao M.A.R., no Rio de Janeiro, para apresentar o <i>Apanha Chuva<\/i> e uma performance-oficina a partir de Livros de Artista. Fui convidada por uma ONGD para desenvolver oficinas de promo\u00e7\u00e3o da leitura em 14 escolas do concelho de Chibuto, Mo\u00e7ambique. Fui int\u00e9rprete-criadora do espect\u00e1culo comunit\u00e1rio <i>Opereta A~Mar<\/i>, de Loreto Mart\u00ednez Troncoso.<\/p>\n<p>2013-2014 Estreei o meu primeiro espet\u00e1culo <i>Apanha Chuva, <\/i>ap\u00f3s resid\u00eancia art\u00edstica no Largo Resid\u00eancias e Casa dos Amigos do Minho, no Intendente.<\/p>\n<p>2011-2014 criei o Servi\u00e7o Educativo da Editora Pato L\u00f3gico, com a qual continuo a colaborar.<\/p>\n<p>2013 Integrei a equipa do espet\u00e1culo <i>POEMA<\/i>, encenado por Claudio Hochman.<\/p>\n<p>2012 Fui int\u00e9rprete da 1\u00aa edi\u00e7\u00e3o da <i>Companhia Limitada<\/i>, de autoria da core\u00f3grafa Madalena Victorino, em que 7 espet\u00e1culos foram apresentados em quartos, cozinhas, escrit\u00f3rios ou pequenas salas, para quem j\u00e1 n\u00e3o podia sair de casa.<\/p>\n<p>2009-2010&nbsp; Trabalhei como t\u00e9cnica da Cultura na C\u00e2mara Municipal da Moita, onde coordenei um projeto de Educa\u00e7\u00e3o Art\u00edstica e pus em pr\u00e1tica visitas-jogo num Moinho de Mar\u00e9.<\/p><\/div>\n\t\t\t\t<\/div>\n\t\t\t\t\t\t\t<div class=\"elementor-toggle-item\">\n\t\t\t\t\t<div id=\"elementor-tab-title-8232\" class=\"elementor-tab-title\" data-tab=\"2\" role=\"button\" aria-controls=\"elementor-tab-content-8232\" aria-expanded=\"false\">\n\t\t\t\t\t\t\t\t\t\t\t\t<span class=\"elementor-toggle-icon elementor-toggle-icon-left\" aria-hidden=\"true\">\n\t\t\t\t\t\t\t\t\t\t\t\t\t\t\t<span class=\"elementor-toggle-icon-closed\"><i class=\"fas fa-caret-right\"><\/i><\/span>\n\t\t\t\t\t\t\t\t<span class=\"elementor-toggle-icon-opened\"><i class=\"elementor-toggle-icon-opened fas fa-caret-up\"><\/i><\/span>\n\t\t\t\t\t\t\t\t\t\t\t\t\t<\/span>\n\t\t\t\t\t\t\t\t\t\t\t\t<a class=\"elementor-toggle-title\" tabindex=\"0\">Forma\u00e7\u00e3o<\/a>\n\t\t\t\t\t<\/div>\n\n\t\t\t\t\t<div id=\"elementor-tab-content-8232\" class=\"elementor-tab-content elementor-clearfix\" data-tab=\"2\" role=\"region\" aria-labelledby=\"elementor-tab-title-8232\"><p><br><\/p><p>2020-21 Forma\u00e7\u00e3o <i>Arquivo especial de uma vida normal<\/i>, <b>Cinema Documental<\/b>, com Ant\u00f3nio-Pedro e Lu\u00edsa Mello, organizada por Companhia Ca\u00f3tica e C\u00e2mara Municipal da Moita.<\/p>\n<p>2018 Stage <b><i>Th\u00e9\u00e2tre visuel pour le jeune public<\/i><\/b>, au Festival Momix, avec Anke Gerber et Lionel Menard, organis\u00e9 par la Plateforme de la jeune cr\u00e9ation franco-allemande.<\/p>\n<p>2017 Stage <b><i>Th\u00e9\u00e2tre d\u2019objet et jeune public<\/i><\/b>, au Festival Momix, avec Christian Carrignon et Sophie Bartels, organis\u00e9 par la Plateforme de la jeune cr\u00e9ation franco-allemande.<\/p>\n<p>2017 DABO DOMO &#8211; <b><i>Forma\u00e7\u00e3o imersiva em Arte para a inf\u00e2ncia<\/i><\/b><i> \/\/ Arts for childhood<\/i> &#8211; <i>Immersive training <\/i>&#8211; Pela Companhia de M\u00fasica Teatral.<\/p>\n<p>2016-2018 <b>Curso livre de Jazz<\/b> \u2014 instrumento canto \u2014 com a professora Beatriz Nunes na Escola de Jazz do Barreiro.<\/p>\n<p>2013 Training Course <b><i>Museum Mediators<\/i><\/b>, ao abrigo do programa Leonardo Da Vinci, organizado pela Mapa das Ideias e apoiado pela F. C. Gulbenkian.<\/p>\n<p>2010-2012 <b>Curso de Artes Performativas<\/b> na Associa\u00e7\u00e3o SOU, Movimento e Arte, com os formadores Claudio Hochman, Madalena Victorino, Suzana Branco, F\u00e9lix Lozano, Marta Silva, Ana Brand\u00e3o, Isabel Campelo, Ana Tamen, In\u00eas Barahona, Margarida Mestre, Ana Sofia Paiva&nbsp; e Fernando Ribeiro.<\/p>\n<p>2009-2010 Frequ\u00eancia no Mestrado em <b>Educa\u00e7\u00e3o Art\u00edstica<\/b>, na FBAUL.<\/p>\n<p>2004-2008 Licenciatura em Anima\u00e7\u00e3o e Interven\u00e7\u00e3o Sociocultural, no IPS, com est\u00e1gios no Servi\u00e7o Educativo da Gulbenkian e <b>Erasmus no Mus\u00e9e des Enfants<\/b>.<\/p><\/div>\n\t\t\t\t<\/div>\n\t\t\t\t\t\t\t\t<\/div>\n\t\t\t\t\t\t<\/div>\n\t\t\t\t<\/div>\n\t\t\t\t\t<\/div>\n\t\t<\/div>\n\t\t\t\t\t<\/div>\n\t\t<\/section>\n\t\t\t\t\t<\/div>\n\t\t<\/div>\n\t\t\t\t\t<\/div>\n\t\t<\/section>\n\t\t\t\t<\/div>","protected":false},"excerpt":{"rendered":"<p>\u00a0 Maria Terra era para ter sido o meu nome, mas vim a chamar-me Madalena, como a minha bisav\u00f3. Com origem numa fam\u00edlia madeirense, cresci a ver \u00e1lbuns de fotografias de jardins, casas de fam\u00edlia e bonitos piqueniques. Em pequena, nas visitas \u00e0 Ilha com a minha av\u00f3, era como se as fotografias ganhassem vida. [&hellip;]<\/p>\n","protected":false},"author":1,"featured_media":0,"parent":0,"menu_order":0,"comment_status":"closed","ping_status":"closed","template":"","meta":{"footnotes":""},"class_list":["post-1074","page","type-page","status-publish","hentry"],"yoast_head":"<!-- This site is optimized with the Yoast SEO plugin v27.6 - https:\/\/yoast.com\/product\/yoast-seo-wordpress\/ -->\n<title>Sobre mim - Madalena Marques<\/title>\n<meta name=\"robots\" content=\"index, follow, max-snippet:-1, max-image-preview:large, max-video-preview:-1\" \/>\n<link rel=\"canonical\" href=\"https:\/\/madalenamarques.com\/fr\/sobre-mim\/\" \/>\n<meta property=\"og:locale\" content=\"fr_FR\" \/>\n<meta property=\"og:type\" content=\"article\" \/>\n<meta property=\"og:title\" content=\"Sobre mim - Madalena Marques\" \/>\n<meta property=\"og:description\" content=\"\u00a0 Maria Terra era para ter sido o meu nome, mas vim a chamar-me Madalena, como a minha bisav\u00f3. Com origem numa fam\u00edlia madeirense, cresci a ver \u00e1lbuns de fotografias de jardins, casas de fam\u00edlia e bonitos piqueniques. Em pequena, nas visitas \u00e0 Ilha com a minha av\u00f3, era como se as fotografias ganhassem vida. [&hellip;]\" \/>\n<meta property=\"og:url\" content=\"https:\/\/madalenamarques.com\/fr\/sobre-mim\/\" \/>\n<meta property=\"og:site_name\" content=\"Madalena Marques\" \/>\n<meta property=\"article:modified_time\" content=\"2024-03-14T21:04:26+00:00\" \/>\n<meta property=\"og:image\" content=\"https:\/\/madalenamarques.com\/wp-content\/uploads\/2023\/03\/202206-MadalenaporAlineMacedo-1-scaled-e1679149237699.jpg\" \/>\n<meta name=\"twitter:card\" content=\"summary_large_image\" \/>\n<meta name=\"twitter:label1\" content=\"Dur\u00e9e de lecture estim\u00e9e\" \/>\n\t<meta name=\"twitter:data1\" content=\"5 minutes\" \/>\n<script type=\"application\/ld+json\" class=\"yoast-schema-graph\">{\"@context\":\"https:\\\/\\\/schema.org\",\"@graph\":[{\"@type\":\"WebPage\",\"@id\":\"https:\\\/\\\/madalenamarques.com\\\/sobre-mim\\\/\",\"url\":\"https:\\\/\\\/madalenamarques.com\\\/sobre-mim\\\/\",\"name\":\"Sobre mim - Madalena Marques\",\"isPartOf\":{\"@id\":\"https:\\\/\\\/madalenamarques.com\\\/#website\"},\"primaryImageOfPage\":{\"@id\":\"https:\\\/\\\/madalenamarques.com\\\/sobre-mim\\\/#primaryimage\"},\"image\":{\"@id\":\"https:\\\/\\\/madalenamarques.com\\\/sobre-mim\\\/#primaryimage\"},\"thumbnailUrl\":\"https:\\\/\\\/madalenamarques.com\\\/wp-content\\\/uploads\\\/2023\\\/03\\\/202206-MadalenaporAlineMacedo-1-scaled-e1679149237699.jpg\",\"datePublished\":\"2022-02-04T10:23:36+00:00\",\"dateModified\":\"2024-03-14T21:04:26+00:00\",\"breadcrumb\":{\"@id\":\"https:\\\/\\\/madalenamarques.com\\\/sobre-mim\\\/#breadcrumb\"},\"inLanguage\":\"fr-FR\",\"potentialAction\":[{\"@type\":\"ReadAction\",\"target\":[\"https:\\\/\\\/madalenamarques.com\\\/sobre-mim\\\/\"]}]},{\"@type\":\"ImageObject\",\"inLanguage\":\"fr-FR\",\"@id\":\"https:\\\/\\\/madalenamarques.com\\\/sobre-mim\\\/#primaryimage\",\"url\":\"https:\\\/\\\/madalenamarques.com\\\/wp-content\\\/uploads\\\/2023\\\/03\\\/202206-MadalenaporAlineMacedo-1-scaled-e1679149237699.jpg\",\"contentUrl\":\"https:\\\/\\\/madalenamarques.com\\\/wp-content\\\/uploads\\\/2023\\\/03\\\/202206-MadalenaporAlineMacedo-1-scaled-e1679149237699.jpg\"},{\"@type\":\"BreadcrumbList\",\"@id\":\"https:\\\/\\\/madalenamarques.com\\\/sobre-mim\\\/#breadcrumb\",\"itemListElement\":[{\"@type\":\"ListItem\",\"position\":1,\"name\":\"In\u00edcio\",\"item\":\"https:\\\/\\\/madalenamarques.com\\\/\"},{\"@type\":\"ListItem\",\"position\":2,\"name\":\"Sobre mim\"}]},{\"@type\":\"WebSite\",\"@id\":\"https:\\\/\\\/madalenamarques.com\\\/#website\",\"url\":\"https:\\\/\\\/madalenamarques.com\\\/\",\"name\":\"Madalena Marques\",\"description\":\"Criadora de teatro documental para todas as inf\u00e2ncias\",\"publisher\":{\"@id\":\"https:\\\/\\\/madalenamarques.com\\\/#\\\/schema\\\/person\\\/b3762e25667f420abcc9248ea4e7df73\"},\"potentialAction\":[{\"@type\":\"SearchAction\",\"target\":{\"@type\":\"EntryPoint\",\"urlTemplate\":\"https:\\\/\\\/madalenamarques.com\\\/?s={search_term_string}\"},\"query-input\":{\"@type\":\"PropertyValueSpecification\",\"valueRequired\":true,\"valueName\":\"search_term_string\"}}],\"inLanguage\":\"fr-FR\"},{\"@type\":[\"Person\",\"Organization\"],\"@id\":\"https:\\\/\\\/madalenamarques.com\\\/#\\\/schema\\\/person\\\/b3762e25667f420abcc9248ea4e7df73\",\"name\":\"Madalena Marques\",\"image\":{\"@type\":\"ImageObject\",\"inLanguage\":\"fr-FR\",\"@id\":\"https:\\\/\\\/madalenamarques.com\\\/wp-content\\\/uploads\\\/2022\\\/04\\\/Madalena-Marques-as-herself.jpg\",\"url\":\"https:\\\/\\\/madalenamarques.com\\\/wp-content\\\/uploads\\\/2022\\\/04\\\/Madalena-Marques-as-herself.jpg\",\"contentUrl\":\"https:\\\/\\\/madalenamarques.com\\\/wp-content\\\/uploads\\\/2022\\\/04\\\/Madalena-Marques-as-herself.jpg\",\"width\":800,\"height\":1200,\"caption\":\"Madalena Marques\"},\"logo\":{\"@id\":\"https:\\\/\\\/madalenamarques.com\\\/wp-content\\\/uploads\\\/2022\\\/04\\\/Madalena-Marques-as-herself.jpg\"},\"description\":\"Maria Terra era para ter sido o meu nome, mas vim a chamar-me Madalena, como a minha bisav\u00f3. Com origem numa fam\u00edlia madeirense, cresci a ver \u00e1lbuns de fotografias de jardins, casas de fam\u00edlia e bonitos piqueniques. Em pequena, nas visitas \u00e0 Ilha com a minha av\u00f3, era como se as fotografias ganhassem vida. Tenho um particular gosto por recuperar hist\u00f3rias reais.\",\"sameAs\":[\"http:\\\/\\\/madalenamarques.com\"]}]}<\/script>\n<!-- \/ Yoast SEO plugin. -->","yoast_head_json":{"title":"Sobre mim - Madalena Marques","robots":{"index":"index","follow":"follow","max-snippet":"max-snippet:-1","max-image-preview":"max-image-preview:large","max-video-preview":"max-video-preview:-1"},"canonical":"https:\/\/madalenamarques.com\/fr\/sobre-mim\/","og_locale":"fr_FR","og_type":"article","og_title":"Sobre mim - Madalena Marques","og_description":"\u00a0 Maria Terra era para ter sido o meu nome, mas vim a chamar-me Madalena, como a minha bisav\u00f3. Com origem numa fam\u00edlia madeirense, cresci a ver \u00e1lbuns de fotografias de jardins, casas de fam\u00edlia e bonitos piqueniques. Em pequena, nas visitas \u00e0 Ilha com a minha av\u00f3, era como se as fotografias ganhassem vida. [&hellip;]","og_url":"https:\/\/madalenamarques.com\/fr\/sobre-mim\/","og_site_name":"Madalena Marques","article_modified_time":"2024-03-14T21:04:26+00:00","og_image":[{"url":"https:\/\/madalenamarques.com\/wp-content\/uploads\/2023\/03\/202206-MadalenaporAlineMacedo-1-scaled-e1679149237699.jpg","type":"","width":"","height":""}],"twitter_card":"summary_large_image","twitter_misc":{"Dur\u00e9e de lecture estim\u00e9e":"5 minutes"},"schema":{"@context":"https:\/\/schema.org","@graph":[{"@type":"WebPage","@id":"https:\/\/madalenamarques.com\/sobre-mim\/","url":"https:\/\/madalenamarques.com\/sobre-mim\/","name":"Sobre mim - Madalena Marques","isPartOf":{"@id":"https:\/\/madalenamarques.com\/#website"},"primaryImageOfPage":{"@id":"https:\/\/madalenamarques.com\/sobre-mim\/#primaryimage"},"image":{"@id":"https:\/\/madalenamarques.com\/sobre-mim\/#primaryimage"},"thumbnailUrl":"https:\/\/madalenamarques.com\/wp-content\/uploads\/2023\/03\/202206-MadalenaporAlineMacedo-1-scaled-e1679149237699.jpg","datePublished":"2022-02-04T10:23:36+00:00","dateModified":"2024-03-14T21:04:26+00:00","breadcrumb":{"@id":"https:\/\/madalenamarques.com\/sobre-mim\/#breadcrumb"},"inLanguage":"fr-FR","potentialAction":[{"@type":"ReadAction","target":["https:\/\/madalenamarques.com\/sobre-mim\/"]}]},{"@type":"ImageObject","inLanguage":"fr-FR","@id":"https:\/\/madalenamarques.com\/sobre-mim\/#primaryimage","url":"https:\/\/madalenamarques.com\/wp-content\/uploads\/2023\/03\/202206-MadalenaporAlineMacedo-1-scaled-e1679149237699.jpg","contentUrl":"https:\/\/madalenamarques.com\/wp-content\/uploads\/2023\/03\/202206-MadalenaporAlineMacedo-1-scaled-e1679149237699.jpg"},{"@type":"BreadcrumbList","@id":"https:\/\/madalenamarques.com\/sobre-mim\/#breadcrumb","itemListElement":[{"@type":"ListItem","position":1,"name":"In\u00edcio","item":"https:\/\/madalenamarques.com\/"},{"@type":"ListItem","position":2,"name":"Sobre mim"}]},{"@type":"WebSite","@id":"https:\/\/madalenamarques.com\/#website","url":"https:\/\/madalenamarques.com\/","name":"Madalena Marques","description":"Criadora de teatro documental para todas as inf\u00e2ncias","publisher":{"@id":"https:\/\/madalenamarques.com\/#\/schema\/person\/b3762e25667f420abcc9248ea4e7df73"},"potentialAction":[{"@type":"SearchAction","target":{"@type":"EntryPoint","urlTemplate":"https:\/\/madalenamarques.com\/?s={search_term_string}"},"query-input":{"@type":"PropertyValueSpecification","valueRequired":true,"valueName":"search_term_string"}}],"inLanguage":"fr-FR"},{"@type":["Person","Organization"],"@id":"https:\/\/madalenamarques.com\/#\/schema\/person\/b3762e25667f420abcc9248ea4e7df73","name":"Madalena Marques","image":{"@type":"ImageObject","inLanguage":"fr-FR","@id":"https:\/\/madalenamarques.com\/wp-content\/uploads\/2022\/04\/Madalena-Marques-as-herself.jpg","url":"https:\/\/madalenamarques.com\/wp-content\/uploads\/2022\/04\/Madalena-Marques-as-herself.jpg","contentUrl":"https:\/\/madalenamarques.com\/wp-content\/uploads\/2022\/04\/Madalena-Marques-as-herself.jpg","width":800,"height":1200,"caption":"Madalena Marques"},"logo":{"@id":"https:\/\/madalenamarques.com\/wp-content\/uploads\/2022\/04\/Madalena-Marques-as-herself.jpg"},"description":"Maria Terra era para ter sido o meu nome, mas vim a chamar-me Madalena, como a minha bisav\u00f3. Com origem numa fam\u00edlia madeirense, cresci a ver \u00e1lbuns de fotografias de jardins, casas de fam\u00edlia e bonitos piqueniques. Em pequena, nas visitas \u00e0 Ilha com a minha av\u00f3, era como se as fotografias ganhassem vida. Tenho um particular gosto por recuperar hist\u00f3rias reais.","sameAs":["http:\/\/madalenamarques.com"]}]}},"_links":{"self":[{"href":"https:\/\/madalenamarques.com\/fr\/wp-json\/wp\/v2\/pages\/1074","targetHints":{"allow":["GET"]}}],"collection":[{"href":"https:\/\/madalenamarques.com\/fr\/wp-json\/wp\/v2\/pages"}],"about":[{"href":"https:\/\/madalenamarques.com\/fr\/wp-json\/wp\/v2\/types\/page"}],"author":[{"embeddable":true,"href":"https:\/\/madalenamarques.com\/fr\/wp-json\/wp\/v2\/users\/1"}],"replies":[{"embeddable":true,"href":"https:\/\/madalenamarques.com\/fr\/wp-json\/wp\/v2\/comments?post=1074"}],"version-history":[{"count":46,"href":"https:\/\/madalenamarques.com\/fr\/wp-json\/wp\/v2\/pages\/1074\/revisions"}],"predecessor-version":[{"id":3672,"href":"https:\/\/madalenamarques.com\/fr\/wp-json\/wp\/v2\/pages\/1074\/revisions\/3672"}],"wp:attachment":[{"href":"https:\/\/madalenamarques.com\/fr\/wp-json\/wp\/v2\/media?parent=1074"}],"curies":[{"name":"wp","href":"https:\/\/api.w.org\/{rel}","templated":true}]}}