{"id":1360,"date":"2022-02-04T15:39:32","date_gmt":"2022-02-04T15:39:32","guid":{"rendered":"https:\/\/madalenamarquescom.local\/?page_id=1360"},"modified":"2022-04-13T17:54:03","modified_gmt":"2022-04-13T17:54:03","slug":"contacto","status":"publish","type":"page","link":"https:\/\/madalenamarques.com\/fr\/contacto\/","title":{"rendered":"Contacto"},"content":{"rendered":"<div data-elementor-type=\"wp-page\" data-elementor-id=\"1360\" class=\"elementor elementor-1360\">\n\t\t\t\t\t\t<section class=\"elementor-section elementor-top-section elementor-element elementor-element-27cdd6c elementor-section-boxed elementor-section-height-default elementor-section-height-default\" data-id=\"27cdd6c\" data-element_type=\"section\" data-e-type=\"section\" data-settings=\"{&quot;background_background&quot;:&quot;classic&quot;,&quot;shape_divider_top&quot;:&quot;zigzag&quot;}\">\n\t\t\t\t\t<div class=\"elementor-shape elementor-shape-top\" aria-hidden=\"true\" data-negative=\"false\">\n\t\t\t<svg xmlns=\"http:\/\/www.w3.org\/2000\/svg\" viewbox=\"0 0 1800 5.8\" preserveaspectratio=\"none\">\n  <path class=\"elementor-shape-fill\" d=\"M5.4.4l5.4 5.3L16.5.4l5.4 5.3L27.5.4 33 5.7 38.6.4l5.5 5.4h.1L49.9.4l5.4 5.3L60.9.4l5.5 5.3L72 .4l5.5 5.3L83.1.4l5.4 5.3L94.1.4l5.5 5.4h.2l5.6-5.4 5.5 5.3 5.6-5.3 5.4 5.3 5.6-5.3 5.5 5.3 5.6-5.3 5.5 5.4h.2l5.6-5.4 5.4 5.3L161 .4l5.4 5.3L172 .4l5.5 5.3 5.6-5.3 5.4 5.3 5.7-5.3 5.4 5.4h.2l5.6-5.4 5.5 5.3 5.6-5.3 5.5 5.3 5.6-5.3 5.4 5.3 5.6-5.3 5.5 5.4h.2l5.6-5.4 5.5 5.3L261 .4l5.4 5.3L272 .4l5.5 5.3 5.6-5.3 5.5 5.3 5.6-5.3 5.5 5.4h.1l5.7-5.4 5.4 5.3 5.6-5.3 5.5 5.3 5.6-5.3 5.4 5.3 5.7-5.3 5.4 5.4h.2l5.6-5.4 5.5 5.3L361 .4l5.5 5.3 5.6-5.3 5.4 5.3 5.6-5.3 5.5 5.3 5.6-5.3 5.5 5.4h.1l5.7-5.4 5.4 5.3 5.6-5.3 5.5 5.3 5.6-5.3 5.5 5.3 5.6-5.3 5.5 5.4h.1l5.6-5.4 5.5 5.3L461 .4l5.5 5.3 5.6-5.3 5.4 5.3 5.7-5.3 5.4 5.3 5.6-5.3 5.5 5.4h.2l5.6-5.4 5.5 5.3 5.6-5.3 5.4 5.3 5.6-5.3 5.5 5.3 5.6-5.3 5.5 5.4h.1L550 .4l5.4 5.3L561 .4l5.5 5.3 5.6-5.3 5.5 5.3 5.6-5.3 5.4 5.3 5.6-5.3 5.5 5.4h.2l5.6-5.4 5.5 5.3 5.6-5.3 5.4 5.3 5.7-5.3 5.4 5.3 5.6-5.3 5.5 5.4h.2L650 .4l5.5 5.3 5.6-5.3 5.4 5.3 5.6-5.3 5.5 5.3 5.6-5.3 5.5 5.3 5.6-5.3 5.4 5.4h.2l5.6-5.4 5.5 5.3 5.6-5.3 5.5 5.3 5.6-5.3 5.4 5.3 5.6-5.3 5.5 5.4h.2L750 .4l5.5 5.3 5.6-5.3 5.4 5.3 5.7-5.3 5.4 5.3 5.6-5.3 5.5 5.3 5.6-5.3 5.5 5.4h.1l5.7-5.4 5.4 5.3 5.6-5.3 5.5 5.3 5.6-5.3 5.5 5.3 5.6-5.3 5.4 5.4h.2L850 .4l5.5 5.3 5.6-5.3 5.5 5.3 5.6-5.3 5.4 5.3 5.6-5.3 5.5 5.3 5.6-5.3 5.5 5.4h.2l5.6-5.4 5.4 5.3 5.7-5.3 5.4 5.3 5.6-5.3 5.5 5.3 5.6-5.3 5.5 5.4h.1l5.7-5.4 5.4 5.3 5.6-5.3 5.5 5.3 5.6-5.3 5.5 5.3 5.6-5.3 5.4 5.3 5.6-5.3 5.5 5.4h.2l5.6-5.4 5.5 5.3 5.6-5.3 5.4 5.3 5.6-5.3 5.5 5.3 5.6-5.3 5.5 5.4h.2l5.6-5.4 5.4 5.3 5.7-5.3 5.4 5.3 5.6-5.3 5.5 5.3 5.6-5.3 5.5 5.3 5.6-5.3 5.4 5.4h.2l5.6-5.4 5.5 5.3 5.6-5.3 5.5 5.3 5.6-5.3 5.4 5.3 5.6-5.3 5.5 5.4h.2l5.6-5.4 5.5 5.3 5.6-5.3 5.4 5.3 5.6-5.3 5.5 5.3 5.6-5.3 5.5 5.3 5.6-5.3 5.5 5.4h.1l5.7-5.4 5.4 5.3 5.6-5.3 5.5 5.3 5.6-5.3 5.5 5.3 5.6-5.3 5.4 5.4h.2l5.6-5.4 5.5 5.3 5.6-5.3 5.5 5.3 5.6-5.3 5.4 5.3 5.6-5.3 5.5 5.3 5.6-5.3 5.5 5.4h.2l5.6-5.4 5.4 5.3 5.6-5.3 5.5 5.3 5.6-5.3 5.5 5.3 5.6-5.3 5.5 5.4h.1l5.7-5.4 5.4 5.3 5.6-5.3 5.5 5.3 5.6-5.3 5.5 5.3 5.6-5.3 5.4 5.3 5.6-5.3 5.5 5.4h.2l5.6-5.4 5.5 5.3 5.6-5.3 5.4 5.3 5.6-5.3 5.5 5.3 5.6-5.3 5.5 5.4h.2l5.6-5.4 5.4 5.3 5.6-5.3 5.5 5.3 5.6-5.3 5.5 5.3 5.6-5.3 5.4 5.3 5.7-5.3 5.4 5.4h.2l5.6-5.4 5.5 5.3 5.6-5.3 5.5 5.3 5.6-5.3 5.4 5.3 5.6-5.3 5.5 5.4h.2l5.6-5.4 5.5 5.3 5.6-5.3 5.4 5.3 5.6-5.3 5.5 5.3 5.6-5.3 5.5 5.3 5.6-5.3 5.5 5.4h.1l5.6-5.4 5.5 5.3 5.6-5.3 5.5 5.3 5.6-5.3 5.4 5.3 5.7-5.3 5.4 5.4h.2l5.6-5.4 5.5 5.3 5.6-5.3 5.5 5.3 5.6-5.3 5.4 5.3 5.6-5.3 5.5 5.3 5.6-5.3 5.5 5.4h.1l5.7-5.4 5.4 5.3 5.6-5.3 5.5 5.3 5.6-5.3 5.5 5.3 5.6-5.3 5.5 5.4h.1l5.6-5.4 5.5 5.3 5.6-5.3 5.5 5.3 5.6-5.3 5.4 5.3 5.7-5.3 5.4 5.3 5.6-5.3 5.5 5.4V0H-.2v5.8z\"\/>\n<\/svg>\n\t\t<\/div>\n\t\t\t\t\t<div class=\"elementor-container elementor-column-gap-default\">\n\t\t\t\t\t<div class=\"elementor-column elementor-col-100 elementor-top-column elementor-element elementor-element-9853ef8\" data-id=\"9853ef8\" data-element_type=\"column\" data-e-type=\"column\">\n\t\t\t<div class=\"elementor-widget-wrap elementor-element-populated\">\n\t\t\t\t\t\t<div class=\"elementor-element elementor-element-d25ebca elementor-widget elementor-widget-heading\" data-id=\"d25ebca\" data-element_type=\"widget\" data-e-type=\"widget\" data-widget_type=\"heading.default\">\n\t\t\t\t<div class=\"elementor-widget-container\">\n\t\t\t\t\t<h2 class=\"elementor-heading-title elementor-size-default\">Contacto<\/h2>\t\t\t\t<\/div>\n\t\t\t\t<\/div>\n\t\t\t\t\t<\/div>\n\t\t<\/div>\n\t\t\t\t\t<\/div>\n\t\t<\/section>\n\t\t\t\t<section class=\"elementor-section elementor-top-section elementor-element elementor-element-ee3ce27 elementor-section-boxed elementor-section-height-default elementor-section-height-default\" data-id=\"ee3ce27\" data-element_type=\"section\" data-e-type=\"section\">\n\t\t\t\t\t\t<div class=\"elementor-container elementor-column-gap-default\">\n\t\t\t\t\t<div class=\"elementor-column elementor-col-100 elementor-top-column elementor-element elementor-element-76a1111\" data-id=\"76a1111\" data-element_type=\"column\" data-e-type=\"column\">\n\t\t\t<div class=\"elementor-widget-wrap elementor-element-populated\">\n\t\t\t\t\t\t<div class=\"elementor-element elementor-element-b6dab81 elementor-widget elementor-widget-text-editor\" data-id=\"b6dab81\" data-element_type=\"widget\" data-e-type=\"widget\" data-widget_type=\"text-editor.default\">\n\t\t\t\t<div class=\"elementor-widget-container\">\n\t\t\t\t\t\t\t\t\t<p>Caso queira colocar uma quest\u00e3o, deixar uma opini\u00e3o, ou simplesmente dizer ol\u00e1, fa\u00e7a o favor!<\/p>\t\t\t\t\t\t\t\t<\/div>\n\t\t\t\t<\/div>\n\t\t\t\t<section class=\"elementor-section elementor-inner-section elementor-element elementor-element-bc742e4 elementor-section-boxed elementor-section-height-default elementor-section-height-default\" data-id=\"bc742e4\" data-element_type=\"section\" data-e-type=\"section\">\n\t\t\t\t\t\t<div class=\"elementor-container elementor-column-gap-default\">\n\t\t\t\t\t<div class=\"elementor-column elementor-col-50 elementor-inner-column elementor-element elementor-element-352aaef\" data-id=\"352aaef\" data-element_type=\"column\" data-e-type=\"column\">\n\t\t\t<div class=\"elementor-widget-wrap elementor-element-populated\">\n\t\t\t\t\t\t<div class=\"elementor-element elementor-element-8cb7e3f elementor-widget elementor-widget-shortcode\" data-id=\"8cb7e3f\" data-element_type=\"widget\" data-e-type=\"widget\" data-widget_type=\"shortcode.default\">\n\t\t\t\t<div class=\"elementor-widget-container\">\n\t\t\t\t\t\t\t<div class=\"elementor-shortcode\">\n<div class=\"wpcf7 no-js\" id=\"wpcf7-f3207-o1\" lang=\"en-US\" dir=\"ltr\" data-wpcf7-id=\"3207\">\n<div class=\"screen-reader-response\"><p role=\"status\" aria-live=\"polite\" aria-atomic=\"true\"><\/p> <ul><\/ul><\/div>\n<form action=\"\/fr\/wp-json\/wp\/v2\/pages\/1360#wpcf7-f3207-o1\" method=\"post\" class=\"wpcf7-form init\" aria-label=\"Contact form\" novalidate=\"novalidate\" data-status=\"init\" data-trp-original-action=\"\/fr\/wp-json\/wp\/v2\/pages\/1360#wpcf7-f3207-o1\">\n<fieldset class=\"hidden-fields-container\"><input type=\"hidden\" name=\"_wpcf7\" value=\"3207\" \/><input type=\"hidden\" name=\"_wpcf7_version\" value=\"6.1.6\" \/><input type=\"hidden\" name=\"_wpcf7_locale\" value=\"en_US\" \/><input type=\"hidden\" name=\"_wpcf7_unit_tag\" value=\"wpcf7-f3207-o1\" \/><input type=\"hidden\" name=\"_wpcf7_container_post\" value=\"0\" \/><input type=\"hidden\" name=\"_wpcf7_posted_data_hash\" value=\"\" \/>\n<\/fieldset>\n<p><label> Nome<br \/>\n<span class=\"wpcf7-form-control-wrap\" data-name=\"your-name\"><input size=\"40\" maxlength=\"400\" class=\"wpcf7-form-control wpcf7-text wpcf7-validates-as-required\" aria-required=\"true\" aria-invalid=\"false\" value=\"\" type=\"text\" name=\"your-name\" \/><\/span> <\/label>\n<\/p>\n<p><label> Email<br \/>\n<span class=\"wpcf7-form-control-wrap\" data-name=\"your-email\"><input size=\"40\" maxlength=\"400\" class=\"wpcf7-form-control wpcf7-email wpcf7-validates-as-required wpcf7-text wpcf7-validates-as-email\" aria-required=\"true\" aria-invalid=\"false\" value=\"\" type=\"email\" name=\"your-email\" \/><\/span> <\/label>\n<\/p>\n<p><label> Mensagem<br \/>\n<span class=\"wpcf7-form-control-wrap\" data-name=\"your-message\"><textarea cols=\"40\" rows=\"10\" maxlength=\"2000\" class=\"wpcf7-form-control wpcf7-textarea\" aria-invalid=\"false\" name=\"your-message\"><\/textarea><\/span> <\/label>\n<\/p>\n<p><input class=\"wpcf7-form-control wpcf7-submit has-spinner\" type=\"submit\" value=\"Submit\" \/>\n<\/p><p style=\"display: none !important;\" class=\"akismet-fields-container\" data-prefix=\"_wpcf7_ak_\"><label>&#916;<textarea name=\"_wpcf7_ak_hp_textarea\" cols=\"45\" rows=\"8\" maxlength=\"100\"><\/textarea><\/label><input type=\"hidden\" id=\"ak_js_1\" name=\"_wpcf7_ak_js\" value=\"74\"\/><script>\ndocument.getElementById( \"ak_js_1\" ).setAttribute( \"value\", ( new Date() ).getTime() );\n<\/script>\n<\/p><div class=\"wpcf7-response-output\" aria-hidden=\"true\"><\/div>\n<input type=\"hidden\" name=\"trp-form-language\" value=\"fr\"\/><\/form>\n<\/div>\n<\/div>\n\t\t\t\t\t\t<\/div>\n\t\t\t\t<\/div>\n\t\t\t\t\t<\/div>\n\t\t<\/div>\n\t\t\t\t<div class=\"elementor-column elementor-col-50 elementor-inner-column elementor-element elementor-element-e1bba6c\" data-id=\"e1bba6c\" data-element_type=\"column\" data-e-type=\"column\">\n\t\t\t<div class=\"elementor-widget-wrap elementor-element-populated\">\n\t\t\t\t\t\t<div class=\"elementor-element elementor-element-a8f0574 elementor-widget elementor-widget-image\" data-id=\"a8f0574\" data-element_type=\"widget\" data-e-type=\"widget\" data-widget_type=\"image.default\">\n\t\t\t\t<div class=\"elementor-widget-container\">\n\t\t\t\t\t\t\t\t\t\t\t\t\t\t\t<img fetchpriority=\"high\" decoding=\"async\" width=\"480\" height=\"371\" src=\"https:\/\/madalenamarques.com\/wp-content\/uploads\/2022\/04\/giphy-bubbles-1.gif\" class=\"attachment-large size-large wp-image-3211\" alt=\"\" \/>\t\t\t\t\t\t\t\t\t\t\t\t\t\t\t<\/div>\n\t\t\t\t<\/div>\n\t\t\t\t\t<\/div>\n\t\t<\/div>\n\t\t\t\t\t<\/div>\n\t\t<\/section>\n\t\t\t\t\t<\/div>\n\t\t<\/div>\n\t\t\t\t\t<\/div>\n\t\t<\/section>\n\t\t\t\t<\/div>","protected":false},"excerpt":{"rendered":"<p>Contacto Caso queira colocar uma quest\u00e3o, deixar uma opini\u00e3o, ou simplesmente dizer ol\u00e1, fa\u00e7a o favor!<\/p>","protected":false},"author":1,"featured_media":0,"parent":0,"menu_order":0,"comment_status":"closed","ping_status":"closed","template":"","meta":{"footnotes":""},"class_list":["post-1360","page","type-page","status-publish","hentry"],"yoast_head":"<!-- This site is optimized with the Yoast SEO plugin v27.6 - https:\/\/yoast.com\/product\/yoast-seo-wordpress\/ -->\n<title>Contacto - Madalena Marques<\/title>\n<meta name=\"robots\" content=\"index, follow, max-snippet:-1, max-image-preview:large, max-video-preview:-1\" \/>\n<link rel=\"canonical\" href=\"https:\/\/madalenamarques.com\/fr\/contacto\/\" \/>\n<meta property=\"og:locale\" content=\"fr_FR\" \/>\n<meta property=\"og:type\" content=\"article\" \/>\n<meta property=\"og:title\" content=\"Contacto - Madalena Marques\" \/>\n<meta property=\"og:description\" content=\"Contacto Caso queira colocar uma quest\u00e3o, deixar uma opini\u00e3o, ou simplesmente dizer ol\u00e1, fa\u00e7a o favor!\" \/>\n<meta property=\"og:url\" content=\"https:\/\/madalenamarques.com\/fr\/contacto\/\" \/>\n<meta property=\"og:site_name\" content=\"Madalena Marques\" \/>\n<meta property=\"article:modified_time\" content=\"2022-04-13T17:54:03+00:00\" \/>\n<meta property=\"og:image\" content=\"https:\/\/madalenamarques.com\/wp-content\/uploads\/2022\/04\/giphy-bubbles-1.gif\" \/>\n<meta name=\"twitter:card\" content=\"summary_large_image\" \/>\n<script type=\"application\/ld+json\" class=\"yoast-schema-graph\">{\"@context\":\"https:\\\/\\\/schema.org\",\"@graph\":[{\"@type\":\"WebPage\",\"@id\":\"https:\\\/\\\/madalenamarques.com\\\/contacto\\\/\",\"url\":\"https:\\\/\\\/madalenamarques.com\\\/contacto\\\/\",\"name\":\"Contacto - Madalena Marques\",\"isPartOf\":{\"@id\":\"https:\\\/\\\/madalenamarques.com\\\/#website\"},\"primaryImageOfPage\":{\"@id\":\"https:\\\/\\\/madalenamarques.com\\\/contacto\\\/#primaryimage\"},\"image\":{\"@id\":\"https:\\\/\\\/madalenamarques.com\\\/contacto\\\/#primaryimage\"},\"thumbnailUrl\":\"https:\\\/\\\/madalenamarques.com\\\/wp-content\\\/uploads\\\/2022\\\/04\\\/giphy-bubbles-1.gif\",\"datePublished\":\"2022-02-04T15:39:32+00:00\",\"dateModified\":\"2022-04-13T17:54:03+00:00\",\"breadcrumb\":{\"@id\":\"https:\\\/\\\/madalenamarques.com\\\/contacto\\\/#breadcrumb\"},\"inLanguage\":\"fr-FR\",\"potentialAction\":[{\"@type\":\"ReadAction\",\"target\":[\"https:\\\/\\\/madalenamarques.com\\\/contacto\\\/\"]}]},{\"@type\":\"ImageObject\",\"inLanguage\":\"fr-FR\",\"@id\":\"https:\\\/\\\/madalenamarques.com\\\/contacto\\\/#primaryimage\",\"url\":\"https:\\\/\\\/madalenamarques.com\\\/wp-content\\\/uploads\\\/2022\\\/04\\\/giphy-bubbles-1.gif\",\"contentUrl\":\"https:\\\/\\\/madalenamarques.com\\\/wp-content\\\/uploads\\\/2022\\\/04\\\/giphy-bubbles-1.gif\"},{\"@type\":\"BreadcrumbList\",\"@id\":\"https:\\\/\\\/madalenamarques.com\\\/contacto\\\/#breadcrumb\",\"itemListElement\":[{\"@type\":\"ListItem\",\"position\":1,\"name\":\"In\u00edcio\",\"item\":\"https:\\\/\\\/madalenamarques.com\\\/\"},{\"@type\":\"ListItem\",\"position\":2,\"name\":\"Contacto\"}]},{\"@type\":\"WebSite\",\"@id\":\"https:\\\/\\\/madalenamarques.com\\\/#website\",\"url\":\"https:\\\/\\\/madalenamarques.com\\\/\",\"name\":\"Madalena Marques\",\"description\":\"Criadora de teatro documental para todas as inf\u00e2ncias\",\"publisher\":{\"@id\":\"https:\\\/\\\/madalenamarques.com\\\/#\\\/schema\\\/person\\\/b3762e25667f420abcc9248ea4e7df73\"},\"potentialAction\":[{\"@type\":\"SearchAction\",\"target\":{\"@type\":\"EntryPoint\",\"urlTemplate\":\"https:\\\/\\\/madalenamarques.com\\\/?s={search_term_string}\"},\"query-input\":{\"@type\":\"PropertyValueSpecification\",\"valueRequired\":true,\"valueName\":\"search_term_string\"}}],\"inLanguage\":\"fr-FR\"},{\"@type\":[\"Person\",\"Organization\"],\"@id\":\"https:\\\/\\\/madalenamarques.com\\\/#\\\/schema\\\/person\\\/b3762e25667f420abcc9248ea4e7df73\",\"name\":\"Madalena Marques\",\"image\":{\"@type\":\"ImageObject\",\"inLanguage\":\"fr-FR\",\"@id\":\"https:\\\/\\\/madalenamarques.com\\\/wp-content\\\/uploads\\\/2022\\\/04\\\/Madalena-Marques-as-herself.jpg\",\"url\":\"https:\\\/\\\/madalenamarques.com\\\/wp-content\\\/uploads\\\/2022\\\/04\\\/Madalena-Marques-as-herself.jpg\",\"contentUrl\":\"https:\\\/\\\/madalenamarques.com\\\/wp-content\\\/uploads\\\/2022\\\/04\\\/Madalena-Marques-as-herself.jpg\",\"width\":800,\"height\":1200,\"caption\":\"Madalena Marques\"},\"logo\":{\"@id\":\"https:\\\/\\\/madalenamarques.com\\\/wp-content\\\/uploads\\\/2022\\\/04\\\/Madalena-Marques-as-herself.jpg\"},\"description\":\"Maria Terra era para ter sido o meu nome, mas vim a chamar-me Madalena, como a minha bisav\u00f3. Com origem numa fam\u00edlia madeirense, cresci a ver \u00e1lbuns de fotografias de jardins, casas de fam\u00edlia e bonitos piqueniques. Em pequena, nas visitas \u00e0 Ilha com a minha av\u00f3, era como se as fotografias ganhassem vida. Tenho um particular gosto por recuperar hist\u00f3rias reais.\",\"sameAs\":[\"http:\\\/\\\/madalenamarques.com\"]}]}<\/script>\n<!-- \/ Yoast SEO plugin. -->","yoast_head_json":{"title":"Contacto - Madalena Marques","robots":{"index":"index","follow":"follow","max-snippet":"max-snippet:-1","max-image-preview":"max-image-preview:large","max-video-preview":"max-video-preview:-1"},"canonical":"https:\/\/madalenamarques.com\/fr\/contacto\/","og_locale":"fr_FR","og_type":"article","og_title":"Contacto - Madalena Marques","og_description":"Contacto Caso queira colocar uma quest\u00e3o, deixar uma opini\u00e3o, ou simplesmente dizer ol\u00e1, fa\u00e7a o favor!","og_url":"https:\/\/madalenamarques.com\/fr\/contacto\/","og_site_name":"Madalena Marques","article_modified_time":"2022-04-13T17:54:03+00:00","og_image":[{"url":"https:\/\/madalenamarques.com\/wp-content\/uploads\/2022\/04\/giphy-bubbles-1.gif","type":"","width":"","height":""}],"twitter_card":"summary_large_image","schema":{"@context":"https:\/\/schema.org","@graph":[{"@type":"WebPage","@id":"https:\/\/madalenamarques.com\/contacto\/","url":"https:\/\/madalenamarques.com\/contacto\/","name":"Contacto - Madalena Marques","isPartOf":{"@id":"https:\/\/madalenamarques.com\/#website"},"primaryImageOfPage":{"@id":"https:\/\/madalenamarques.com\/contacto\/#primaryimage"},"image":{"@id":"https:\/\/madalenamarques.com\/contacto\/#primaryimage"},"thumbnailUrl":"https:\/\/madalenamarques.com\/wp-content\/uploads\/2022\/04\/giphy-bubbles-1.gif","datePublished":"2022-02-04T15:39:32+00:00","dateModified":"2022-04-13T17:54:03+00:00","breadcrumb":{"@id":"https:\/\/madalenamarques.com\/contacto\/#breadcrumb"},"inLanguage":"fr-FR","potentialAction":[{"@type":"ReadAction","target":["https:\/\/madalenamarques.com\/contacto\/"]}]},{"@type":"ImageObject","inLanguage":"fr-FR","@id":"https:\/\/madalenamarques.com\/contacto\/#primaryimage","url":"https:\/\/madalenamarques.com\/wp-content\/uploads\/2022\/04\/giphy-bubbles-1.gif","contentUrl":"https:\/\/madalenamarques.com\/wp-content\/uploads\/2022\/04\/giphy-bubbles-1.gif"},{"@type":"BreadcrumbList","@id":"https:\/\/madalenamarques.com\/contacto\/#breadcrumb","itemListElement":[{"@type":"ListItem","position":1,"name":"In\u00edcio","item":"https:\/\/madalenamarques.com\/"},{"@type":"ListItem","position":2,"name":"Contacto"}]},{"@type":"WebSite","@id":"https:\/\/madalenamarques.com\/#website","url":"https:\/\/madalenamarques.com\/","name":"Madalena Marques","description":"Criadora de teatro documental para todas as inf\u00e2ncias","publisher":{"@id":"https:\/\/madalenamarques.com\/#\/schema\/person\/b3762e25667f420abcc9248ea4e7df73"},"potentialAction":[{"@type":"SearchAction","target":{"@type":"EntryPoint","urlTemplate":"https:\/\/madalenamarques.com\/?s={search_term_string}"},"query-input":{"@type":"PropertyValueSpecification","valueRequired":true,"valueName":"search_term_string"}}],"inLanguage":"fr-FR"},{"@type":["Person","Organization"],"@id":"https:\/\/madalenamarques.com\/#\/schema\/person\/b3762e25667f420abcc9248ea4e7df73","name":"Madalena Marques","image":{"@type":"ImageObject","inLanguage":"fr-FR","@id":"https:\/\/madalenamarques.com\/wp-content\/uploads\/2022\/04\/Madalena-Marques-as-herself.jpg","url":"https:\/\/madalenamarques.com\/wp-content\/uploads\/2022\/04\/Madalena-Marques-as-herself.jpg","contentUrl":"https:\/\/madalenamarques.com\/wp-content\/uploads\/2022\/04\/Madalena-Marques-as-herself.jpg","width":800,"height":1200,"caption":"Madalena Marques"},"logo":{"@id":"https:\/\/madalenamarques.com\/wp-content\/uploads\/2022\/04\/Madalena-Marques-as-herself.jpg"},"description":"Maria Terra era para ter sido o meu nome, mas vim a chamar-me Madalena, como a minha bisav\u00f3. Com origem numa fam\u00edlia madeirense, cresci a ver \u00e1lbuns de fotografias de jardins, casas de fam\u00edlia e bonitos piqueniques. Em pequena, nas visitas \u00e0 Ilha com a minha av\u00f3, era como se as fotografias ganhassem vida. Tenho um particular gosto por recuperar hist\u00f3rias reais.","sameAs":["http:\/\/madalenamarques.com"]}]}},"_links":{"self":[{"href":"https:\/\/madalenamarques.com\/fr\/wp-json\/wp\/v2\/pages\/1360","targetHints":{"allow":["GET"]}}],"collection":[{"href":"https:\/\/madalenamarques.com\/fr\/wp-json\/wp\/v2\/pages"}],"about":[{"href":"https:\/\/madalenamarques.com\/fr\/wp-json\/wp\/v2\/types\/page"}],"author":[{"embeddable":true,"href":"https:\/\/madalenamarques.com\/fr\/wp-json\/wp\/v2\/users\/1"}],"replies":[{"embeddable":true,"href":"https:\/\/madalenamarques.com\/fr\/wp-json\/wp\/v2\/comments?post=1360"}],"version-history":[{"count":25,"href":"https:\/\/madalenamarques.com\/fr\/wp-json\/wp\/v2\/pages\/1360\/revisions"}],"predecessor-version":[{"id":3363,"href":"https:\/\/madalenamarques.com\/fr\/wp-json\/wp\/v2\/pages\/1360\/revisions\/3363"}],"wp:attachment":[{"href":"https:\/\/madalenamarques.com\/fr\/wp-json\/wp\/v2\/media?parent=1360"}],"curies":[{"name":"wp","href":"https:\/\/api.w.org\/{rel}","templated":true}]}}